{"id":613,"date":"2024-11-18T12:38:12","date_gmt":"2024-11-18T11:38:12","guid":{"rendered":"https:\/\/www.gassl.at\/abendgym\/?page_id=613"},"modified":"2025-04-27T00:59:20","modified_gmt":"2025-04-26T22:59:20","slug":"reifepruefung","status":"publish","type":"page","link":"https:\/\/www.gassl.at\/abendgym\/unsere-schule\/reifepruefung\/","title":{"rendered":"Reifepr\u00fcfung"},"content":{"rendered":"\n<div class=\"wp-block-uagb-container uagb-block-3e84c079 alignfull uagb-is-root-container\"><\/div>\n\n\n\n<div class=\"wp-block-uagb-container uagb-block-2efe9b17 alignfull uagb-is-root-container\"><div class=\"uagb-container-inner-blocks-wrap\">\n<div class=\"wp-block-uagb-container uagb-block-612bfba7\">\n<div class=\"wp-block-uagb-advanced-heading uagb-block-c615fa8d\"><h1 class=\"uagb-heading-text\">Reifepr\u00fcfung<\/h1><\/div>\n<\/div>\n\n\n\n<div class=\"wp-block-uagb-container uagb-block-0cc1d5df\">\n<div class=\"wp-block-uagb-container uagb-block-b95745f0\">\n<p>Die zentrale Reifepr\u00fcfung (Matura) am Abendgymnasium berechtigt zu einem uneingeschr\u00e4nkten Zugang zu Universit\u00e4ten, Hochschulen, Fachhochschulen und Kollegs. Durch die Zentralisierung sind Vergleichbarkeit und Objektivit\u00e4t gew\u00e4hrleistet.<\/p>\n<\/div>\n\n\n\n<div class=\"wp-block-uagb-container uagb-block-be308aaf\">\n<div class=\"wp-block-uagb-advanced-heading uagb-block-a64b8e0d\" id=\"RP-Infos\"><h3 class=\"uagb-heading-text\">Kurzinformation<\/h3><\/div>\n\n\n\n<p><strong>Anmeldung<\/strong> <br>Der Link wird per Eduvidual verschickt.<br><strong>Wichtiges zum Ausdrucken<\/strong><br>\u00a0<a href=\"http:\/\/www.abendgym.at\/wp-content\/uploads\/Info-Matura.-Homepage_9.11.23.pptx\">Info-Matura.-Homepage_9.11.23<\/a><br><strong>Individuelle Fragen<\/strong><br>per Mail an <a href=\"javascript:;\">vera.hausleitner@bildung.gv.at<\/a><br><strong>Abmeldung<\/strong> <br>bei Mag.a Marina Mayr,  Administration<\/p>\n<\/div>\n<\/div>\n<\/div><\/div>\n\n\n\n<div class=\"wp-block-uagb-container uagb-block-855a1aa6 alignfull uagb-is-root-container\"><div class=\"uagb-container-inner-blocks-wrap\">\n<div class=\"wp-block-uagb-container uagb-block-6d60b059\">\n<div class=\"wp-block-uagb-advanced-heading uagb-block-1ce95396\"><h3 class=\"uagb-heading-text\">Standardisierte kompetenzorientierte Reifepr\u00fcfung<\/h3><\/div>\n\n\n\n<p><a href=\"http:\/\/www.abendgym.at\/wp-content\/uploads\/Bildschirmfoto-2021-07-12-um-22.06.44.png\"><\/a><\/p>\n\n\n\n<div class=\"wp-block-uagb-advanced-heading uagb-block-6c63afa9\"><h3 class=\"uagb-heading-text\">Anzahl der Pr\u00fcfungen<\/h3><\/div>\n\n\n\n<p>Die Reifepr\u00fcfung umfasst beim 3-S\u00e4ulen-Modell 6 Teilpr\u00fcfungen: <br>3 schriftliche + 3 m\u00fcndliche oder 4 schriftliche + 2 m\u00fcndliche sowie die ABA (Abschlie\u00dfende Arbeit).&nbsp;<br><br>Beim neuen 2-S\u00e4ulen-Modell (seit SJ 24\/25) sind es 7 Teilpr\u00fcfungen: <br>3 schriftliche + 4 m\u00fcndliche oder 4 schriftliche + 3 m\u00fcndliche.<\/p>\n\n\n\n<div class=\"wp-block-uagb-advanced-heading uagb-block-be755a18\"><h3 class=\"uagb-heading-text\">Beratung zur Reifepr\u00fcfung<\/h3><\/div>\n\n\n\n<p>E-Mail an: <a href=\"javascript:;\">vera.hausleitner@bildung.gv.at<\/a><br>Vor der Anmeldung zur Reifepr\u00fcfung bietet der Maturacoach, Mag.a Vera Hausleitner, einen verpflichtenden Info-Vortrag sowie Einzelberatungen an.<\/p>\n\n\n\n<div class=\"wp-block-uagb-advanced-heading uagb-block-e83698bf\"><h3 class=\"uagb-heading-text\">Kontakt zu den Pr\u00fcfer:innen<\/h3><\/div>\n\n\n\n<p>Die Lehrenden, bei denen die Module abgeschlossen werden, sind auch die Pr\u00fcfer:innen. Die fachliche Beratung zur Reifepr\u00fcfung erfolgt durch die jeweiligen Lehrkr\u00e4fte.&nbsp;<a href=\"http:\/\/www.abendgym.at\/kontakt\/lehrerteam\/\">Kontakt<\/a>&nbsp;zu den betreffenden Lehrenden ist in der Sprechstunde oder per Mail m\u00f6glich.<\/p>\n\n\n\n<div class=\"wp-block-uagb-advanced-heading uagb-block-e68e9cab\"><h3 class=\"uagb-heading-text\">Auswahl der schriftlichen F\u00e4cher<\/h3><\/div>\n\n\n\n<p>Schriftlich muss verpflichtend in Deutsch, Mathematik und einer lebenden Fremdsprache maturiert werden.&nbsp;<br>Fremdsprachen sind am Abendgymnasium Englisch, Franz\u00f6sisch und Spanisch. <br>Italienisch und Russisch (nur im SoSe) k\u00f6nnen externistisch belegt werden, wenn ein entsprechender Abschluss vorliegt.<br>Latein kann als viertes schriftliches Fach gew\u00e4hlt werden.<\/p>\n\n\n\n<div class=\"wp-block-uagb-advanced-heading uagb-block-78b631a1\"><h3 class=\"uagb-heading-text\">Auswahl der m\u00fcndlichen F\u00e4cher \u2013 Pr\u00fcfungsschema<\/h3><\/div>\n\n\n\n<p>Die Auswahl der m\u00fcndlichen F\u00e4cher ist frei.<br>Au\u00dfer im Fach VWA &nbsp;(Vorwissenschaftliches Arbeiten) kann in jedem Fach maturiert werden. Auch F\u00e4cher, die schriftlich gew\u00e4hlt wurden, k\u00f6nnen m\u00fcndlich noch einmal gew\u00e4hlt werden.<\/p>\n\n\n\n<div class=\"wp-block-uagb-advanced-heading uagb-block-4f0b3f5b\"><h3 class=\"uagb-heading-text\">Vorgezogene Teilpr\u00fcfungen<\/h3><\/div>\n\n\n\n<p>Am Abendgymnasium m\u00fcssen \u2013 im Unterschied zur Tagesschule \u2013 nicht alle F\u00e4cher an einem Termin abgeschlossen werden. Pr\u00fcfungen, die vor dem Abschlusstermin abgelegt werden, hei\u00dfen vorgezogene Teilpr\u00fcfungen.<\/p>\n\n\n\n<p>Au\u00dfer im Fach VWA (Vorwissenschaftliches Arbeiten) kann in allen F\u00e4chern vorgezogen maturiert werden. Es ist m\u00f6glich, alle Teilpr\u00fcfungen bis auf eine vorzuziehen; die letzte Pr\u00fcfung muss beim Abschlusstermin abgelegt werden, nachdem alle Module positiv abgeschlossen worden sind.<\/p>\n\n\n\n<p><strong><mark style=\"background-color:rgba(0, 0, 0, 0)\" class=\"has-inline-color has-ast-global-color-3-color\">Beispiel<\/mark><br><\/strong>Sie buchen in einem Semester GWB 2 (GWB 1 ist bereits positiv), dann k\u00f6nnen Sie in diesem Fach in eben diesem Semester eine vorgezogene Teilpr\u00fcfung ablegen. <br>Das Gleiche gilt f\u00fcr Schularbeitenf\u00e4cher. Sobald alle Module eines Faches (z.B. D1 \u2013 D8) positiv sind, k\u00f6nnen Sie in dem Semester, in dem Sie D8 gebucht und positiv abgeschlossen haben, vorgezogen in Deutsch maturieren (schriftlich und\/oder m\u00fcndlich). <br>Wichtig: Um vorgezogen maturieren zu k\u00f6nnen, muss das letzte fehlende Modul auch gebucht worden sein. Nach einem Kolloquium oder einer Einstufungs- bzw. Modulpr\u00fcfung ist ein vorgezogenes Antreten nicht m\u00f6glich.<\/p>\n\n\n\n<div class=\"wp-block-uagb-advanced-heading uagb-block-339517d0\"><h3 class=\"uagb-heading-text\">Abmeldung von einer vorgezogenen Teilpr\u00fcfung<\/h3><\/div>\n\n\n\n<p>Meldet man sich von einer vorgezogenen Teilpr\u00fcfung innerhalb der Abmeldefrist ab, wird sowohl die Pr\u00fcfung als auch das Fach aus der Anmeldeliste gestrichen; zum Abschlusstermin kann dieses Fach aber wieder gew\u00e4hlt werden.<\/p>\n\n\n\n<div class=\"wp-block-uagb-advanced-heading uagb-block-143587af\"><h3 class=\"uagb-heading-text\">Abschlusstermin<\/h3><\/div>\n\n\n\n<p>Wenn alle Module positiv abgeschlossen sind, sprechen wir vom Abschlusstermin.<br>Auch externistisch abgelegte Pr\u00fcfungen (z. B. Spanisch, Italienisch, Russisch) m\u00fcssen positiv abgeschlossen sein, um zum Abschlusstermin antreten zu k\u00f6nnen. Beim Abschlusstermin k\u00f6nnen alle 6 bzw. 7 Teilpr\u00fcfungen \u2013 wie in der Tagesschule \u2013 auf einmal abgeschlossen werden. Wer bereits vorgezogen in einem oder mehreren F\u00e4chern maturiert hat, absolviert beim Abschlusstermin die restliche(n) Pr\u00fcfung(en).<br>Ein Antreten zur Reifepr\u00fcfung mit einem \u201cNicht gen\u00fcgend\u201d oder \u201cNicht beurteilt\u201d ist nicht m\u00f6glich.<\/p>\n\n\n\n<div class=\"wp-block-uagb-advanced-heading uagb-block-3a898631\"><h3 class=\"uagb-heading-text\">\u00bbNicht gen\u00fcgend\u00ab bei schriftlichen Teilpr\u00fcfungen<\/h3><\/div>\n\n\n\n<p>Wenn die schriftliche Pr\u00fcfung negativ ist, gibt es die M\u00f6glichkeit einer Kompensationspr\u00fcfung. <br>Hierbei handelt es sich um eine 15-25-min\u00fctige, zentral vorgegebene, m\u00fcndliche Pr\u00fcfung. Durch die Kompensationspr\u00fcfung k\u00f6nnen eine oder mehrere negative Beurteilungen bei der schriftlichen Reifepr\u00fcfung ausgebessert werden.<br><strong><mark style=\"background-color:rgba(0, 0, 0, 0)\" class=\"has-inline-color has-ast-global-color-3-color\">Achtung<\/mark><\/strong>: &nbsp;F\u00fcr die Kompensationspr\u00fcfung ist eine Anmeldung erforderlich.<br>Wird die negative Note nicht ausgebessert, kann die Teilpr\u00fcfung wiederholt werden &#8211; maximal 3-mal. Man kann also max. 4-mal antreten. F\u00fcr die 3. Wiederholung ist ein Ansuchen mit entsprechender Begr\u00fcndung n\u00f6tig.<br>Vorgezogene Teilpr\u00fcfungen k\u00f6nnen erst im&nbsp;Abschlusstermin wiederholt werden.<\/p>\n\n\n\n<div class=\"wp-block-uagb-advanced-heading uagb-block-f1cced45\"><h3 class=\"uagb-heading-text\">\u00bbNicht gen\u00fcgend\u00ab bei m\u00fcndlichen Teilpr\u00fcfungen<\/h3><\/div>\n\n\n\n<p>Eine negative Teilpr\u00fcfung kann maximal 3-mal wiederholt werden. Man kann also max. 4-mal antreten. F\u00fcr die 3. Wiederholung ist ein Ansuchen mit entsprechender Begr\u00fcndung n\u00f6tig. Vorgezogene Teilpr\u00fcfungen k\u00f6nnen erst im Abschlusstermin wiederholt werden.<br>Teilpr\u00fcfungen im Rahmen des Abschlusstermins k\u00f6nnen beim n\u00e4chsten Termin, zu dem sich die Kandidat:innen anmelden, wiederholt werden.<\/p>\n\n\n\n<p><strong><mark style=\"background-color:rgba(0, 0, 0, 0)\" class=\"has-inline-color has-ast-global-color-3-color\">Beispiel<\/mark><\/strong><br>Die vorgezogene Pr\u00fcfung aus GWB (Geographie und wirtschaftliche Bildung) ist im Sommertermin negativ. Die Pr\u00fcfung kann erst im Abschlusstermin wiederholt werden. Das ist eventuell erst mehrere Semester sp\u00e4ter.<\/p>\n\n\n\n<div class=\"wp-block-uagb-advanced-heading uagb-block-94a245b8\"><h3 class=\"uagb-heading-text\">ABA &#8211; die Abschlie\u00dfende Arbeit<\/h3><\/div>\n\n\n\n<p>Die \u201eAbschlie\u00dfende Arbeit\u201c ist eine schriftliche und Arbeit zu einem selbst gew\u00e4hlten, eingegrenzten Forschungsthema. Sie umfasst ca. 25 bis 30 Seiten. Das ABA-Thema muss keinem Unterrichtsfach zugeordnet werden und kann auch einen kreativen Prozess dokumentieren.<br>Nach der Abgabe und der Beurteilung durch den Betreuer\/die Betreuerin folgt die Pr\u00e4sentation und Diskussion der Arbeit.<br>Bringt jemand aus der Tagesschule ein eingerechtes Thema mit, k\u00f6nnen diese bei uns fertig geschrieben und mit der Pr\u00e4sentation und Diskussion abgeschlossen werden. Bereits hochgeladene Arbeiten werden an der Schule pr\u00e4sentiert, an der sie hochgeladen wurden.<br><br>Bei Fragen wenden Sie sich an unsere ABA- Koordinatorin Mag.<sup>a&nbsp;<\/sup>Marina Mayr bzw. an Ihre ABA-Betreuer:innen.<\/p>\n<\/div>\n<\/div><\/div>\n","protected":false},"excerpt":{"rendered":"<p>Reifepr\u00fcfung Die zentrale Reifepr\u00fcfung (Matura) am Abendgymnasium berechtigt zu einem uneingeschr\u00e4nkten Zugang zu Universit\u00e4ten, Hochschulen, Fachhochschulen und Kollegs. Durch die [&hellip;]<\/p>\n","protected":false},"author":1,"featured_media":0,"parent":398,"menu_order":270,"comment_status":"closed","ping_status":"closed","template":"","meta":{"_uag_custom_page_level_css":"","site-sidebar-layout":"default","site-content-layout":"","ast-site-content-layout":"default","site-content-style":"default","site-sidebar-style":"default","ast-global-header-display":"","ast-banner-title-visibility":"","ast-main-header-display":"","ast-hfb-above-header-display":"","ast-hfb-below-header-display":"","ast-hfb-mobile-header-display":"","site-post-title":"disabled","ast-breadcrumbs-content":"","ast-featured-img":"","footer-sml-layout":"","ast-disable-related-posts":"","theme-transparent-header-meta":"","adv-header-id-meta":"","stick-header-meta":"","header-above-stick-meta":"","header-main-stick-meta":"","header-below-stick-meta":"","astra-migrate-meta-layouts":"default","ast-page-background-enabled":"default","ast-page-background-meta":{"desktop":{"background-color":"var(--ast-global-color-4)","background-image":"","background-repeat":"repeat","background-position":"center center","background-size":"auto","background-attachment":"scroll","background-type":"","background-media":"","overlay-type":"","overlay-color":"","overlay-opacity":"","overlay-gradient":""},"tablet":{"background-color":"","background-image":"","background-repeat":"repeat","background-position":"center center","background-size":"auto","background-attachment":"scroll","background-type":"","background-media":"","overlay-type":"","overlay-color":"","overlay-opacity":"","overlay-gradient":""},"mobile":{"background-color":"","background-image":"","background-repeat":"repeat","background-position":"center center","background-size":"auto","background-attachment":"scroll","background-type":"","background-media":"","overlay-type":"","overlay-color":"","overlay-opacity":"","overlay-gradient":""}},"ast-content-background-meta":{"desktop":{"background-color":"var(--ast-global-color-5)","background-image":"","background-repeat":"repeat","background-position":"center center","background-size":"auto","background-attachment":"scroll","background-type":"","background-media":"","overlay-type":"","overlay-color":"","overlay-opacity":"","overlay-gradient":""},"tablet":{"background-color":"var(--ast-global-color-5)","background-image":"","background-repeat":"repeat","background-position":"center center","background-size":"auto","background-attachment":"scroll","background-type":"","background-media":"","overlay-type":"","overlay-color":"","overlay-opacity":"","overlay-gradient":""},"mobile":{"background-color":"var(--ast-global-color-5)","background-image":"","background-repeat":"repeat","background-position":"center center","background-size":"auto","background-attachment":"scroll","background-type":"","background-media":"","overlay-type":"","overlay-color":"","overlay-opacity":"","overlay-gradient":""}},"footnotes":""},"class_list":["post-613","page","type-page","status-publish","hentry"],"uagb_featured_image_src":{"full":false,"thumbnail":false,"medium":false,"medium_large":false,"large":false,"1536x1536":false,"2048x2048":false},"uagb_author_info":{"display_name":"agl_admin","author_link":"https:\/\/www.gassl.at\/abendgym\/author\/agl_admin\/"},"uagb_comment_info":0,"uagb_excerpt":"Reifepr\u00fcfung Die zentrale Reifepr\u00fcfung (Matura) am Abendgymnasium berechtigt zu einem uneingeschr\u00e4nkten Zugang zu Universit\u00e4ten, Hochschulen, Fachhochschulen und Kollegs. Durch die [&hellip;]","_links":{"self":[{"href":"https:\/\/www.gassl.at\/abendgym\/wp-json\/wp\/v2\/pages\/613","targetHints":{"allow":["GET"]}}],"collection":[{"href":"https:\/\/www.gassl.at\/abendgym\/wp-json\/wp\/v2\/pages"}],"about":[{"href":"https:\/\/www.gassl.at\/abendgym\/wp-json\/wp\/v2\/types\/page"}],"author":[{"embeddable":true,"href":"https:\/\/www.gassl.at\/abendgym\/wp-json\/wp\/v2\/users\/1"}],"replies":[{"embeddable":true,"href":"https:\/\/www.gassl.at\/abendgym\/wp-json\/wp\/v2\/comments?post=613"}],"version-history":[{"count":18,"href":"https:\/\/www.gassl.at\/abendgym\/wp-json\/wp\/v2\/pages\/613\/revisions"}],"predecessor-version":[{"id":2772,"href":"https:\/\/www.gassl.at\/abendgym\/wp-json\/wp\/v2\/pages\/613\/revisions\/2772"}],"up":[{"embeddable":true,"href":"https:\/\/www.gassl.at\/abendgym\/wp-json\/wp\/v2\/pages\/398"}],"wp:attachment":[{"href":"https:\/\/www.gassl.at\/abendgym\/wp-json\/wp\/v2\/media?parent=613"}],"curies":[{"name":"wp","href":"https:\/\/api.w.org\/{rel}","templated":true}]}}