{"id":199,"date":"2018-05-25T08:37:00","date_gmt":"2018-05-25T06:37:00","guid":{"rendered":"https:\/\/www.gassl.at\/cms\/?page_id=199"},"modified":"2022-08-26T16:44:17","modified_gmt":"2022-08-26T14:44:17","slug":"datenschutz","status":"publish","type":"page","link":"https:\/\/www.gassl.at\/cms\/kontakt\/datenschutz\/","title":{"rendered":"Datenschutz"},"content":{"rendered":"<h2>Datenschutzerkl\u00e4rung<\/h2>\n<p>Der Schutz Ihrer pers\u00f6nlichen Daten ist uns ein besonderes Anliegen. Wir verarbeiten Ihre Daten daher ausschlie\u00dflich auf Grundlage der geltenden gesetzlichen Bestimmungen. Um Ihnen ein m\u00f6glichst hohes Ma\u00df an Transparenz und Sicherheit zu gew\u00e4hrleisten, informiert Sie unsere nachstehende Datenschutzerkl\u00e4rung \u00fcber Art, Umfang und Zweck der Erhebung, Nutzung und Verarbeitung der durch uns erfassten Informationen und Daten.<\/p>\n<p><strong>Personenbezogene Daten<\/strong>:<br \/>\nPersonenbezogene Daten beziehen sich auf s\u00e4mtliche Informationen, die mit der tats\u00e4chlichen Identit\u00e4t der Nutzer in Verbindung gebracht werden k\u00f6nnen. Darunter fallen zB Informationen wie Name, Adresse, Postanschrift, Telefonnummer, E-Mail-Adresse, etc.<\/p>\n<p><strong>Erhebung, Verarbeitung und Nutzung von personenbezogenen Daten<\/strong>:<br \/>\nWir erheben, verarbeiten und nutzen personenbezogene Daten ohne weitergehende Einwilligung ausschlie\u00dflich f\u00fcr die Vertragserf\u00fcllung sowie auf Grundlage von gesetzlichen Verpflichtungen. Ihre personenbezogenen Daten werden au\u00dferhalb der Vertragserf\u00fcllung ohne Ihre Einwilligung nicht an Dritte weitergegeben. Wir erheben und verarbeiten personenbezogene Daten zu folgenden Zwecken:<br \/>\n&#8211; Erf\u00fcllung von Vertr\u00e4gen \u00fcber Lieferungen und Leistungen<br \/>\n&#8211; Erf\u00fcllung von Arbeitsvertr\u00e4gen<br \/>\n&#8211; Personal-, Kunden-, Interessenten- und Lieferantenverwaltung<br \/>\n&#8211; Speicherung von Daten und Anfertigen von Sicherungskopien<\/p>\n<p><strong>Arten personenbezogener Daten<\/strong><br \/>\nDie Art der verarbeiteten personenbezogenen Daten ergibt sich aus dem bestehenden Vertragsverh\u00e4ltnis und aus dem erteilten Einzelauftrag. Erg\u00e4nzend hierzu gilt folgende Beschreibung der Art der verarbeitenden personenbezogenen Daten:<br \/>\n&#8211; Kunden- und Interessentendaten<br \/>\n&#8211; Mitarbeiterdaten<br \/>\n&#8211; Kommunikationsdaten (E-Mail, Fax, Telefon, Brief, etc.)<br \/>\n&#8211; Aufzeichnung von Daten \u00fcber die Leistungserbringung<br \/>\n&#8211; Anwenderdaten<br \/>\n&#8211; Zugangsdaten und Kennw\u00f6rter<\/p>\n<p><strong>Kategorien betroffener Personen<\/strong><br \/>\n&#8211; Kunden<br \/>\n&#8211; Lieferanten<br \/>\n&#8211; Dienstleister<br \/>\n&#8211; Sonstige Gesch\u00e4ftspartner<br \/>\n&#8211; Bewerber<br \/>\n&#8211; Mitarbeiter<br \/>\n&#8211; Systembenutzer<\/p>\n<p><strong>Informationen bez\u00fcglich Transparenz und Ihrer Rechte<\/strong>:<\/p>\n<p><strong>Rechtsgrundlagen der Verarbeitung Ihrer personenbezogenen Daten<\/strong><br \/>\nDie Rechtm\u00e4\u00dfigkeit der Verarbeitung Ihrer personenbezogenen Daten durch unser Unternehmen basiert im Wesentlichen auf den Erfordernissen zur Erf\u00fcllung eines Vertrages, wie dies beispielsweise bei Verarbeitungsvorg\u00e4ngen der Fall ist, die f\u00fcr eine Lieferung von Waren oder die Erbringung einer sonstigen Leistung oder Gegenleistung notwendig sind. Gleiches gilt f\u00fcr Verarbeitungsvorg\u00e4nge, die zur Durchf\u00fchrung vorvertraglicher Ma\u00dfnahmen erforderlich sind, etwa Anfragen zu unseren Produkten oder Leistungen. Unser Unternehmen unterliegt rechtlichen Verpflichtung durch welche eine Verarbeitung von personenbezogenen Daten erforderlich wird, wie beispielsweise die Erf\u00fcllung steuerlicher Pflichten. Daneben berufen wir uns auf Ihre ausdr\u00fcckliche Einwilligung zur Verarbeitung der Sie betreffenden personenbezogenen Daten. Sofern eine Interessenabw\u00e4gung ergibt, dass Ihre Rechte zum Schutz der personenbezogenen Daten nicht \u00fcberwiegen, kann eine Verarbeitung auch in unserem berechtigten Interesse erfolgen. Dies ist beispielsweise der Fall bei einer Anfrage \u00fcber ein Kontaktformular, da die Datenverarbeitung erforderlich ist, um Ihre Anfrage zu bearbeiten.<\/p>\n<p><strong>Recht auf Auskunft, Berichtigung, L\u00f6schung, Einschr\u00e4nkung der Verarbeitung<\/strong><br \/>\nSie k\u00f6nnen Auskunft \u00fcber Ihre bei uns gespeicherten Daten oder Berichtigung, Sperrung und L\u00f6schung Ihrer gespeicherten Daten und deren Verarbeitung verlangen. Sofern einer L\u00f6schung gesetzliche, vertragliche oder handels- bzw. steuerrechtliche Aufbewahrungsfristen oder sonstige gesetzlich ver\u00adankerte Gr\u00fcnde entgegenstehen, werden Ihre Daten nicht gel\u00f6scht, sondern mit einem Sperrvermerk versehen.<\/p>\n<p><strong>Recht auf Widerruf<\/strong><br \/>\nSie haben das Recht, jederzeit gegen die Verarbeitung Sie betreffende personenbezogener Daten Widerspruch einzulegen. Wir verarbeiten die personenbezogenen Daten im Falle des Widerspruchs nicht mehr, es sei denn, wir k\u00f6nnen zwingende Gr\u00fcnde f\u00fcr die Verarbeitung nachweisen, die entgegen Ihren Interessen, Rechten und Freiheiten \u00fcberwiegen, oder die Verarbeitung dient der Geltendmachung, Aus\u00fcbung oder Verteidigung von Rechtsanspr\u00fcchen. Dieses Recht schlie\u00dft Ihr Recht auf Widerruf einer datenschutz\u00adrechtlichen Einwilligung ein, die Sie uns f\u00fcr die Verarbeitung erteilt haben.<\/p>\n<p><strong>Routinem\u00e4\u00dfige L\u00f6schung und Sperrung von personenbezogenen Daten<\/strong><br \/>\nWir verarbeiten und speichern personenbezogene Daten von Ihnen nur f\u00fcr den Zeitraum, der zur Erreichung des Speicherungszwecks erforderlich ist oder sofern dies durch den Europ\u00e4ischen Richtlinien- und Verordnungsgeber oder einen anderen Gesetzgeber in Gesetzen oder Vorschriften, welchen wir unterliegen, vorgesehen wurde.<br \/>\nEntf\u00e4llt der Speicherungszweck oder l\u00e4uft eine vom Europ\u00e4ischen Richtlinien- und Verordnungsgeber oder einem anderen zust\u00e4ndigen Gesetzgeber vorgeschriebene Speicherfrist ab, werden die personenbezogenen Daten routinem\u00e4\u00dfig und entsprechend den gesetzlichen Vorschriften gesperrt oder gel\u00f6scht.<\/p>\n<p><strong>Geltendmachung Ihrer Rechte<\/strong><br \/>\nF\u00fcr die Wahrnehmung der Betroffenenrechte kontaktieren Sie uns bitte unter:<\/p>\n<p>GASSL | werbeagentur<br \/>\nMario Gassl<br \/>\nAubergstra\u00dfe 52<br \/>\n4040 Linz a.d. Donau<br \/>\n+43 664 7501 4920<br \/>\nagentur@gassl.at<\/p>\n<p><strong>Sicherstellung der Betriebssicherheit<\/strong><br \/>\nServerbetriebssystem, Webserver und Anwendungsprogramme erheben und speichern automatisch Informationen in sogenannten Log-Dateien und erm\u00f6glichen uns damit, Fehlverhalten von Systemen und Anwendungen sowie sicherheitsrelevante Vorf\u00e4lle fr\u00fchzeitig zu erkennen und entsprechende Ma\u00dfnahmen einleiten zu k\u00f6nnen. Diese Protokolle enthalten u.U. auch personenbezogene Daten, wie z.B. Anmeldeinformationen, welche oft zur Eingrenzung von Fehlerzust\u00e4nden n\u00f6tig sind. Protokolldaten werden ausschlie\u00dflich zum Zwecke der Datenschutzkontrolle, der Datensicherung oder zur Sicherung eines ordnungsgem\u00e4\u00dfen Betriebs einer Datenverarbeitungsanlage aufgezeichnet. Keinesfalls werden Protokolldaten zur Verhaltens- oder Leistungskontrolle ausgewertet.<\/p>\n<p><strong>Datenerhebung und \u2013speicherung Website<\/strong><br \/>\nBeim Aufruf unseres Internetauftritts wird eine Verbindung zum Webserver hergestellt. Erfasst und gespeichert werden dabei die Zugriffspfade der Seiten, der Zeitpunkt der Verbindungsherstellung sowie Ihre derzeitige IP-Adresse zur Abwehr von Angriffen sowie zur Erkennung von St\u00f6rungen und Problemen.<\/p>\n<p><strong>Hinweis auf Risiken<\/strong>:<br \/>\nWir weisen darauf hin, dass die Daten\u00fcbertragung im Internet (z.B. bei der Kommunikation per E-Mail) Sicherheitsl\u00fccken aufweisen kann. Ein l\u00fcckenloser Schutz der Daten vor dem Zugriff durch Dritte ist daher nicht m\u00f6glich.<\/p>\n<p><strong>Haftungshinweis<\/strong>:<br \/>\nExterne Links werden von uns vor der Freigabe auf dieser Seite sorgf\u00e4ltig \u00fcberpr\u00fcft. Eine Haftung oder Garantie f\u00fcr den Inhalt dieser externen Links kann von uns nicht \u00fcbernommen werden.<\/p>\n<p><strong>Verwendung von Cookies<\/strong><br \/>\nCookies sind kleine Dateien, die es erm\u00f6glichen, auf dem Zugriffsger\u00e4t der Nutzer (PC, Smartphone o.\u00e4.) spezifische, auf das Ger\u00e4t bezogene Informationen zu speichern. Sie dienen zum einem der Benutzerfreundlichkeit von Webseiten und damit den Nutzern. Zum anderen dienen sie dazu, die statistischen Daten der Webseitennutzung zu erfassen und sie zwecks Verbesserung des Angebotes analysieren zu k\u00f6nnen. Als Nutzer k\u00f6nnen Sie auf den Einsatz der Cookies Einfluss nehmen. Die meisten Browser verf\u00fcgen \u00fcber eine Option, mit der das Speichern von Cookies eingeschr\u00e4nkt oder komplett verhindert wird. Allerdings wird darauf hingewiesen, dass die Nutzung und insbesondere der Nutzungskomfort ohne Cookies eingeschr\u00e4nkt werden.<\/p>\n<p>&nbsp;<\/p>\n<p><strong>Sie erreichen uns unter folgenden Kontaktdaten<\/strong>:<\/p>\n<p>GASSL | werbeagentur<br \/>\nMario Gassl<br \/>\nAubergstra\u00dfe 52<br \/>\n4040 Linz a.d. Donau<br \/>\n+43 664 7501 4920<br \/>\nagentur@gassl.at<\/p>\n","protected":false},"excerpt":{"rendered":"<p>Datenschutzerkl\u00e4rung Der Schutz Ihrer pers\u00f6nlichen Daten ist uns ein besonderes Anliegen. Wir verarbeiten Ihre Daten daher ausschlie\u00dflich auf Grundlage der geltenden gesetzlichen Bestimmungen. Um Ihnen ein m\u00f6glichst hohes Ma\u00df an Transparenz und Sicherheit zu gew\u00e4hrleisten, informiert Sie unsere nachstehende Datenschutzerkl\u00e4rung \u00fcber Art, Umfang und Zweck der Erhebung, Nutzung und Verarbeitung der durch uns erfassten Informationen &hellip; <\/p>\n<p class=\"link-more\"><a href=\"https:\/\/www.gassl.at\/cms\/kontakt\/datenschutz\/\" class=\"more-link\"><span class=\"screen-reader-text\">\u201eDatenschutz\u201c<\/span> weiterlesen<\/a><\/p>\n","protected":false},"author":1,"featured_media":0,"parent":91,"menu_order":610,"comment_status":"closed","ping_status":"closed","template":"","meta":{"footnotes":""},"class_list":["post-199","page","type-page","status-publish","hentry"],"_links":{"self":[{"href":"https:\/\/www.gassl.at\/cms\/wp-json\/wp\/v2\/pages\/199","targetHints":{"allow":["GET"]}}],"collection":[{"href":"https:\/\/www.gassl.at\/cms\/wp-json\/wp\/v2\/pages"}],"about":[{"href":"https:\/\/www.gassl.at\/cms\/wp-json\/wp\/v2\/types\/page"}],"author":[{"embeddable":true,"href":"https:\/\/www.gassl.at\/cms\/wp-json\/wp\/v2\/users\/1"}],"replies":[{"embeddable":true,"href":"https:\/\/www.gassl.at\/cms\/wp-json\/wp\/v2\/comments?post=199"}],"version-history":[{"count":6,"href":"https:\/\/www.gassl.at\/cms\/wp-json\/wp\/v2\/pages\/199\/revisions"}],"predecessor-version":[{"id":314,"href":"https:\/\/www.gassl.at\/cms\/wp-json\/wp\/v2\/pages\/199\/revisions\/314"}],"up":[{"embeddable":true,"href":"https:\/\/www.gassl.at\/cms\/wp-json\/wp\/v2\/pages\/91"}],"wp:attachment":[{"href":"https:\/\/www.gassl.at\/cms\/wp-json\/wp\/v2\/media?parent=199"}],"curies":[{"name":"wp","href":"https:\/\/api.w.org\/{rel}","templated":true}]}}