{"id":83,"date":"2017-05-30T12:23:07","date_gmt":"2017-05-30T10:23:07","guid":{"rendered":"https:\/\/www.gassl.at\/cms\/?page_id=83"},"modified":"2017-05-31T15:30:16","modified_gmt":"2017-05-31T13:30:16","slug":"printgrafik","status":"publish","type":"page","link":"https:\/\/www.gassl.at\/cms\/printgrafik\/","title":{"rendered":"Printgrafik"},"content":{"rendered":"<h2>Stilvolles Design f\u00fcr Ihre Printprodukte<\/h2>\n<p>Wir verleihen\u00a0Ihren Drucksorten das gewisse Etwas.<\/p>\n<h3>Von der Imagebrosch\u00fcre bis zu Ihren Gesch\u00e4ftsdrucksorten<\/h3>\n<p>Stilvolles Design und hohe Funktionalit\u00e4t \u2013 von der Imagebrosch\u00fcre \u00fcber Kataloge und Preislisten bis hin zu Inseraten und Gesch\u00e4ftdrucksorten. Unsere Grafik-Leistungen im \u00dcberblick:<\/p>\n<ul>\n<li>Corporate Design<\/li>\n<li>Logo Design<\/li>\n<li>Grafikdesign<\/li>\n<li>Layout und Satz<\/li>\n<\/ul>\n<h3>Komplettbetreuung von Druckprojekten<\/h3>\n<p>Angebote einholen, Daten f\u00fcr den Druck aufbereiten und abschlie\u00dfend die Druckabwicklung &#8211; wir betreuen Ihr Druckprojekt von Anfang bis Ende und liefern Ihnen die perfekt auf Ihre Anforderungen abgestimmte Printl\u00f6sung.<\/p>\n","protected":false},"excerpt":{"rendered":"<p>Stilvolles Design f\u00fcr Ihre Printprodukte Wir verleihen\u00a0Ihren Drucksorten das gewisse Etwas. Von der Imagebrosch\u00fcre bis zu Ihren Gesch\u00e4ftsdrucksorten Stilvolles Design und hohe Funktionalit\u00e4t \u2013 von der Imagebrosch\u00fcre \u00fcber Kataloge und Preislisten bis hin zu Inseraten und Gesch\u00e4ftdrucksorten. Unsere Grafik-Leistungen im \u00dcberblick: Corporate Design Logo Design Grafikdesign Layout und Satz Komplettbetreuung von Druckprojekten Angebote einholen, Daten &hellip; <\/p>\n<p class=\"link-more\"><a href=\"https:\/\/www.gassl.at\/cms\/printgrafik\/\" class=\"more-link\"><span class=\"screen-reader-text\">\u201ePrintgrafik\u201c<\/span> weiterlesen<\/a><\/p>\n","protected":false},"author":1,"featured_media":0,"parent":0,"menu_order":200,"comment_status":"closed","ping_status":"closed","template":"","meta":{"footnotes":""},"class_list":["post-83","page","type-page","status-publish","hentry"],"_links":{"self":[{"href":"https:\/\/www.gassl.at\/cms\/wp-json\/wp\/v2\/pages\/83","targetHints":{"allow":["GET"]}}],"collection":[{"href":"https:\/\/www.gassl.at\/cms\/wp-json\/wp\/v2\/pages"}],"about":[{"href":"https:\/\/www.gassl.at\/cms\/wp-json\/wp\/v2\/types\/page"}],"author":[{"embeddable":true,"href":"https:\/\/www.gassl.at\/cms\/wp-json\/wp\/v2\/users\/1"}],"replies":[{"embeddable":true,"href":"https:\/\/www.gassl.at\/cms\/wp-json\/wp\/v2\/comments?post=83"}],"version-history":[{"count":4,"href":"https:\/\/www.gassl.at\/cms\/wp-json\/wp\/v2\/pages\/83\/revisions"}],"predecessor-version":[{"id":156,"href":"https:\/\/www.gassl.at\/cms\/wp-json\/wp\/v2\/pages\/83\/revisions\/156"}],"wp:attachment":[{"href":"https:\/\/www.gassl.at\/cms\/wp-json\/wp\/v2\/media?parent=83"}],"curies":[{"name":"wp","href":"https:\/\/api.w.org\/{rel}","templated":true}]}}