{"id":88,"date":"2017-05-30T12:38:10","date_gmt":"2017-05-30T10:38:10","guid":{"rendered":"https:\/\/www.gassl.at\/cms\/?page_id=88"},"modified":"2017-05-30T12:38:10","modified_gmt":"2017-05-30T10:38:10","slug":"foto-und-video","status":"publish","type":"page","link":"https:\/\/www.gassl.at\/cms\/foto-und-video\/","title":{"rendered":"Foto und Video"},"content":{"rendered":"<div id=\"rootline\">\n<h2 id=\"roothome\">Der Video-Film f\u00fcr Ihre Website<\/h2>\n<\/div>\n<div class=\"inside\">\n<div id=\"c12\" class=\"csc-default\">\n<p class=\"bodytext\">Wir konzipieren, filmen und schneiden f\u00fcr Sie Ihren Unternehmensauftritt als Video-Film. Beeindrucken Sie Ihre Besucher_innen und erh\u00f6hen damit deren Verweildauer auf Ihrer Website!<\/p>\n<h2>Sch\u00f6ne Bilder f\u00fcr Ihre Werbung<\/h2>\n<p class=\"bodytext\">Wir fotografieren Ihre Produkte, das Firmengeb\u00e4ude und Ihre Mitarbeiter_innen in bester Qualit\u00e4t, damit sich Ihre Kund_innen ein Bild von Ihrem Unternehmen machen k\u00f6nnen!<\/p>\n<\/div>\n<\/div>\n","protected":false},"excerpt":{"rendered":"<p>Der Video-Film f\u00fcr Ihre Website Wir konzipieren, filmen und schneiden f\u00fcr Sie Ihren Unternehmensauftritt als Video-Film. Beeindrucken Sie Ihre Besucher_innen und erh\u00f6hen damit deren Verweildauer auf Ihrer Website! Sch\u00f6ne Bilder f\u00fcr Ihre Werbung Wir fotografieren Ihre Produkte, das Firmengeb\u00e4ude und Ihre Mitarbeiter_innen in bester Qualit\u00e4t, damit sich Ihre Kund_innen ein Bild von Ihrem Unternehmen machen &hellip; <\/p>\n<p class=\"link-more\"><a href=\"https:\/\/www.gassl.at\/cms\/foto-und-video\/\" class=\"more-link\"><span class=\"screen-reader-text\">\u201eFoto und Video\u201c<\/span> weiterlesen<\/a><\/p>\n","protected":false},"author":1,"featured_media":0,"parent":0,"menu_order":400,"comment_status":"closed","ping_status":"closed","template":"","meta":{"footnotes":""},"class_list":["post-88","page","type-page","status-publish","hentry"],"_links":{"self":[{"href":"https:\/\/www.gassl.at\/cms\/wp-json\/wp\/v2\/pages\/88","targetHints":{"allow":["GET"]}}],"collection":[{"href":"https:\/\/www.gassl.at\/cms\/wp-json\/wp\/v2\/pages"}],"about":[{"href":"https:\/\/www.gassl.at\/cms\/wp-json\/wp\/v2\/types\/page"}],"author":[{"embeddable":true,"href":"https:\/\/www.gassl.at\/cms\/wp-json\/wp\/v2\/users\/1"}],"replies":[{"embeddable":true,"href":"https:\/\/www.gassl.at\/cms\/wp-json\/wp\/v2\/comments?post=88"}],"version-history":[{"count":1,"href":"https:\/\/www.gassl.at\/cms\/wp-json\/wp\/v2\/pages\/88\/revisions"}],"predecessor-version":[{"id":89,"href":"https:\/\/www.gassl.at\/cms\/wp-json\/wp\/v2\/pages\/88\/revisions\/89"}],"wp:attachment":[{"href":"https:\/\/www.gassl.at\/cms\/wp-json\/wp\/v2\/media?parent=88"}],"curies":[{"name":"wp","href":"https:\/\/api.w.org\/{rel}","templated":true}]}}