{"id":93,"date":"2017-05-30T12:46:12","date_gmt":"2017-05-30T10:46:12","guid":{"rendered":"https:\/\/www.gassl.at\/cms\/?page_id=93"},"modified":"2021-05-08T10:16:48","modified_gmt":"2021-05-08T08:16:48","slug":"impressum","status":"publish","type":"page","link":"https:\/\/www.gassl.at\/cms\/kontakt\/impressum\/","title":{"rendered":"Impressum"},"content":{"rendered":"<h3>GASSL | werbeagentur<\/h3>\n<p class=\"bodytext\">Print | Web\u00a0|\u00a0Fotografie und Video<\/p>\n<p class=\"bodytext\">Inhaber: Mario Gassl<\/p>\n<p class=\"bodytext\">Aubergstra\u00dfe 52<br \/>\n4040 Linz a.d. Donau<\/p>\n<p class=\"bodytext\">Mobil: +43 \/ 664 \/ 7501 4920<br \/>\nE-Mail: agentur@gassl.at<br \/>\nWeb: www.gassl.at<\/p>\n<p><img loading=\"lazy\" decoding=\"async\" src=\"https:\/\/www.gassl.at\/cms\/wp-content\/uploads\/AdobeStock_150163240_2000x1200px.jpg\" alt=\"\" width=\"650\" height=\"650\" class=\"alignleft size-full wp-image-286\" \/><\/p>\n<h3>Offenlegung gem\u00e4\u00df Mediengesetz \u00a725<\/h3>\n<p class=\"bodytext\">Gesch\u00e4ftsf\u00fchrung: Mario Gassl<\/p>\n<p class=\"bodytext\">Eigent\u00fcmer\/Beteiligungen: Mario Gassl<\/p>\n<p class=\"bodytext\">Blattlinie: Information zu unseren Leistungen, Produkten, Services und Beitr\u00e4ge zum Thema Internet und Werbung.<\/p>\n<h3>Informationen lt. ECG<\/h3>\n<p class=\"bodytext\">Rechtsform: Einzelunternehmer<\/p>\n<p class=\"bodytext\">UID Nr.: ATU66784606<\/p>\n<p class=\"bodytext\">Gerichtsstand: Linz<\/p>\n<p class=\"bodytext\">Beh\u00f6rde gem. ECG: Magistrat Linz<\/p>\n<p class=\"bodytext\">Fachgruppe: <a href=\"https:\/\/www.werbung-ooe.at\/\" target=\"_blank\" rel=\"noopener noreferrer\">WKOOE &#8211; Werbung und Marktkommunikation<\/a><\/p>\n<h3>Unternehmensgegenstand<\/h3>\n<p class=\"bodytext\">GASSL | werbeagentur ist eine Werbeagentur mit den Schwerpunkten Webdesign, Webprogrammierung, Beratung\u00a0bei Internetprojekten, Print-Grafik, Werbe-Graphik in all seine Auspr\u00e4gungen, Fotografie und Video.<\/p>\n<h3 class=\"bodytext\">Allgemeine Gesch\u00e4ftsbedingungen<\/h3>\n<p class=\"bodytext\">Es gelten die einheitlichen Gesch\u00e4ftsbedingungen der \u00f6sterreichischen Werbeagenturen. Die AGB zum Download als PDF-Datei: <a href=\"https:\/\/www.gassl.at\/cms\/wp-content\/uploads\/AGB-GASSLwerbeagentur.pdf\" target=\"_blank\" rel=\"noopener noreferrer\">AGB-GASSLwerbeagentur.pdf<\/a><\/p>\n<p class=\"bodytext\"><a href=\"https:\/\/www.wkoecg.at\/Web\/Ecg.aspx?FirmaID=7c4ede76-ac39-4628-9f22-8737480e393b\" target=\"_blank\" rel=\"noopener noreferrer\"><img decoding=\"async\" src=\"https:\/\/www.wkoecg.at\/Web\/Library\/img\/ecg.gif\" alt=\"Informationen zu E-Commerce und Mediengesetz\" \/><\/a><\/p>\n<h3>Haftungsausschluss<\/h3>\n<p>Die Texte auf dieser und den \u00fcbrigen Seiten sowie die Gestaltung der Seiten sind urheberrechtlich gesch\u00fctzt. Alle Rechte, insbesondere das Recht der Vervielf\u00e4ltigung und der Verbreitung sowie der \u00dcbersetzung sind vorbehalten. Jede weitergehendere Nutzung, insbesondere die Vervielf\u00e4ltigung, die Speicherung, die Verarbeitung oder die Verbreitung insbesondere unter Verwendung elektronischer Systeme bedarf der schriftlichen Zustimmung der &#8222;GASSL | werbeagentur&#8220;. Auch in Hinblick auf die technischen Eigenschaften des Internets ist jede Haftung f\u00fcr die Richtigkeit, Vollst\u00e4ndigkeit, Aktualit\u00e4t oder Authentizit\u00e4t der zur Verf\u00fcgung gestellten Informationen ausgeschlossen. Es wird keine Gew\u00e4hr f\u00fcr die Verf\u00fcgbarkeit oder den Betrieb der Homepage und ihrer Inhalte \u00fcbernommen.<\/p>\n<h3>Copyright<\/h3>\n<p>S\u00e4mtliche Texte, Grafiken und Bilder sind urheberrechtlich gesch\u00fctzt; eine Verwendung ist nur mit ausdr\u00fccklicher Genehmigung des Erstellers zul\u00e4ssig.<\/p>\n<h3>Bildnachweis<\/h3>\n<p>GASSL | werbeagentur, Adobe Stock<\/p>\n<h3>Links<\/h3>\n<p>Der Herausgeber identifiziert sich nicht mit dem Inhalt von externen Seiten, auf die gelinkt wird, und \u00fcbernimmt daf\u00fcr keine Haftung. Sollte eine der Seiten, auf die gelinkt wird, bedenkliche oder rechtswidrige Inhalte aufweisen, wird um Mitteilung gebeten; der Link wird dann sofort gel\u00f6scht.<\/p>\n","protected":false},"excerpt":{"rendered":"<p>GASSL | werbeagentur Print | Web\u00a0|\u00a0Fotografie und Video Inhaber: Mario Gassl Aubergstra\u00dfe 52 4040 Linz a.d. Donau Mobil: +43 \/ 664 \/ 7501 4920 E-Mail: agentur@gassl.at Web: www.gassl.at Offenlegung gem\u00e4\u00df Mediengesetz \u00a725 Gesch\u00e4ftsf\u00fchrung: Mario Gassl Eigent\u00fcmer\/Beteiligungen: Mario Gassl Blattlinie: Information zu unseren Leistungen, Produkten, Services und Beitr\u00e4ge zum Thema Internet und Werbung. Informationen lt. ECG &hellip; <\/p>\n<p class=\"link-more\"><a href=\"https:\/\/www.gassl.at\/cms\/kontakt\/impressum\/\" class=\"more-link\"><span class=\"screen-reader-text\">\u201eImpressum\u201c<\/span> weiterlesen<\/a><\/p>\n","protected":false},"author":1,"featured_media":0,"parent":91,"menu_order":600,"comment_status":"closed","ping_status":"closed","template":"","meta":{"footnotes":""},"class_list":["post-93","page","type-page","status-publish","hentry"],"_links":{"self":[{"href":"https:\/\/www.gassl.at\/cms\/wp-json\/wp\/v2\/pages\/93","targetHints":{"allow":["GET"]}}],"collection":[{"href":"https:\/\/www.gassl.at\/cms\/wp-json\/wp\/v2\/pages"}],"about":[{"href":"https:\/\/www.gassl.at\/cms\/wp-json\/wp\/v2\/types\/page"}],"author":[{"embeddable":true,"href":"https:\/\/www.gassl.at\/cms\/wp-json\/wp\/v2\/users\/1"}],"replies":[{"embeddable":true,"href":"https:\/\/www.gassl.at\/cms\/wp-json\/wp\/v2\/comments?post=93"}],"version-history":[{"count":15,"href":"https:\/\/www.gassl.at\/cms\/wp-json\/wp\/v2\/pages\/93\/revisions"}],"predecessor-version":[{"id":311,"href":"https:\/\/www.gassl.at\/cms\/wp-json\/wp\/v2\/pages\/93\/revisions\/311"}],"up":[{"embeddable":true,"href":"https:\/\/www.gassl.at\/cms\/wp-json\/wp\/v2\/pages\/91"}],"wp:attachment":[{"href":"https:\/\/www.gassl.at\/cms\/wp-json\/wp\/v2\/media?parent=93"}],"curies":[{"name":"wp","href":"https:\/\/api.w.org\/{rel}","templated":true}]}}